{"id":37,"date":"2021-04-20T22:52:45","date_gmt":"2021-04-20T20:52:45","guid":{"rendered":"http:\/\/babayogabretagne.fr\/?page_id=37"},"modified":"2021-07-24T15:04:09","modified_gmt":"2021-07-24T13:04:09","slug":"a-propos","status":"publish","type":"page","link":"https:\/\/babayogabretagne.fr\/?page_id=37","title":{"rendered":"\u00c0 propos"},"content":{"rendered":"\t\t<div data-elementor-type=\"wp-page\" data-elementor-id=\"37\" class=\"elementor elementor-37\" data-elementor-settings=\"[]\">\n\t\t\t\t\t\t\t<div class=\"elementor-section-wrap\">\n\t\t\t\t\t\t\t<section class=\"elementor-section elementor-top-section elementor-element elementor-element-4cfb21b elementor-section-boxed elementor-section-height-default elementor-section-height-default\" data-id=\"4cfb21b\" data-element_type=\"section\">\n\t\t\t\t\t\t<div class=\"elementor-container elementor-column-gap-default\">\n\t\t\t\t\t\t\t\t<\/div>\n\t\t<\/section>\n\t\t\t\t<section class=\"elementor-section elementor-top-section elementor-element elementor-element-5ef49a6 elementor-section-boxed elementor-section-height-default elementor-section-height-default\" data-id=\"5ef49a6\" data-element_type=\"section\" data-settings=\"{&quot;background_background&quot;:&quot;classic&quot;}\">\n\t\t\t\t\t\t<div class=\"elementor-container elementor-column-gap-default\">\n\t\t\t\t\t\t\t\t<\/div>\n\t\t<\/section>\n\t\t\t\t<section class=\"elementor-section elementor-top-section elementor-element elementor-element-c0bd441 elementor-section-boxed elementor-section-height-default elementor-section-height-default\" data-id=\"c0bd441\" data-element_type=\"section\" data-settings=\"{&quot;background_background&quot;:&quot;classic&quot;}\">\n\t\t\t\t\t\t<div class=\"elementor-container elementor-column-gap-default\">\n\t\t\t\t\t\t\t\t<\/div>\n\t\t<\/section>\n\t\t\t\t<section class=\"elementor-section elementor-top-section elementor-element elementor-element-ad84909 elementor-section-boxed elementor-section-height-default elementor-section-height-default\" data-id=\"ad84909\" data-element_type=\"section\">\n\t\t\t\t\t\t<div class=\"elementor-container elementor-column-gap-default\">\n\t\t\t\t\t\t\t\t<\/div>\n\t\t<\/section>\n\t\t\t\t<section class=\"elementor-section elementor-top-section elementor-element elementor-element-8b62a78 elementor-section-full_width elementor-section-height-min-height elementor-section-height-default elementor-section-items-middle\" data-id=\"8b62a78\" data-element_type=\"section\" data-settings=\"{&quot;background_background&quot;:&quot;slideshow&quot;,&quot;background_slideshow_gallery&quot;:[],&quot;background_slideshow_loop&quot;:&quot;yes&quot;,&quot;background_slideshow_slide_duration&quot;:5000,&quot;background_slideshow_slide_transition&quot;:&quot;fade&quot;,&quot;background_slideshow_transition_duration&quot;:500}\">\n\t\t\t\t\t\t<div class=\"elementor-container elementor-column-gap-default\">\n\t\t\t\t\t<div class=\"elementor-column elementor-col-100 elementor-top-column elementor-element elementor-element-54d3e40\" data-id=\"54d3e40\" data-element_type=\"column\">\n\t\t\t<div class=\"elementor-widget-wrap elementor-element-populated\">\n\t\t\t\t\t\t\t\t<section class=\"elementor-section elementor-inner-section elementor-element elementor-element-014d481 elementor-section-boxed elementor-section-height-default elementor-section-height-default\" data-id=\"014d481\" data-element_type=\"section\" data-settings=\"{&quot;background_background&quot;:&quot;classic&quot;}\">\n\t\t\t\t\t\t<div class=\"elementor-container elementor-column-gap-default\">\n\t\t\t\t\t<div class=\"elementor-column elementor-col-100 elementor-inner-column elementor-element elementor-element-446f9ff\" data-id=\"446f9ff\" data-element_type=\"column\">\n\t\t\t<div class=\"elementor-widget-wrap elementor-element-populated\">\n\t\t\t\t\t\t\t\t<div class=\"elementor-element elementor-element-4c698eb elementor-widget elementor-widget-heading\" data-id=\"4c698eb\" data-element_type=\"widget\" data-widget_type=\"heading.default\">\n\t\t\t\t<div class=\"elementor-widget-container\">\n\t\t\t<h1 class=\"elementor-heading-title elementor-size-xl\">BabaYoga ? C'est quoi... ?<\/h1>\t\t<\/div>\n\t\t\t\t<\/div>\n\t\t\t\t\t<\/div>\n\t\t<\/div>\n\t\t\t\t\t\t\t<\/div>\n\t\t<\/section>\n\t\t\t\t\t<\/div>\n\t\t<\/div>\n\t\t\t\t\t\t\t<\/div>\n\t\t<\/section>\n\t\t\t\t<section class=\"elementor-section elementor-top-section elementor-element elementor-element-6a5dd84 elementor-section-height-min-height elementor-section-boxed elementor-section-height-default elementor-section-items-middle\" data-id=\"6a5dd84\" data-element_type=\"section\" data-settings=\"{&quot;background_background&quot;:&quot;classic&quot;}\">\n\t\t\t\t\t\t\t<div class=\"elementor-background-overlay\"><\/div>\n\t\t\t\t\t\t\t<div class=\"elementor-container elementor-column-gap-no\">\n\t\t\t\t\t<div class=\"elementor-column elementor-col-100 elementor-top-column elementor-element elementor-element-9393e9b\" data-id=\"9393e9b\" data-element_type=\"column\">\n\t\t\t<div class=\"elementor-widget-wrap elementor-element-populated\">\n\t\t\t\t\t\t\t\t<div class=\"elementor-element elementor-element-d170c6b elementor-widget elementor-widget-text-editor\" data-id=\"d170c6b\" data-element_type=\"widget\" data-widget_type=\"text-editor.default\">\n\t\t\t\t<div class=\"elementor-widget-container\">\n\t\t\t\t\t\t\t\t<p><span style=\"text-align: center; white-space: pre-wrap;\">La Baba Yaga est une sorci\u00e8re issue de la mythologie slave. <\/span><br style=\"text-align: center; white-space: pre-wrap;\" \/><br style=\"text-align: center; white-space: pre-wrap;\" \/><span style=\"text-align: center; white-space: pre-wrap;\">C&rsquo;est la figure f\u00e9minine surnaturelle la plus fr\u00e9quente des contes russes, bulgares et polonais. <\/span><br style=\"text-align: center; white-space: pre-wrap;\" \/><span style=\"text-align: center; white-space: pre-wrap;\">Le jeu de mot entre Baba Yaga et yoga a \u00e9t\u00e9 une \u00e9vidence. Rond en bouche, un son \u00e0 savourer comme un bonbon, il porte en lui autant du conte enneig\u00e9 que de l&rsquo;histoire qu&rsquo;on peut soi-m\u00eame raconter avec son corps. <\/span><span style=\"text-align: center; white-space: pre-wrap; font-style: inherit;\">Les sorci\u00e8res sont des femmes de pouvoir. Elles communiquent avec les forces de la nature, vivent en dehors des limites \u00e9tablies par les soci\u00e9t\u00e9s, ne suivent qu&rsquo;un seul chemin : le leur. Ce sont par d\u00e9finition des \u00eatres libres, entiers, authentiques. <\/span><\/p><p><span style=\"text-align: center; white-space: pre-wrap; font-style: inherit;\">Dans son enseignement du yoga, c&rsquo;est ce que Amandine souhaite transmettre. Une forme d&rsquo;\u00eatre au monde qui repousse les bords de la case qui a \u00e9t\u00e9 con\u00e7ue pour nous. Chaque personne, dans sa relation particuli\u00e8re au yoga, trouve dans sa pratique quelque chose de diff\u00e9rent. Mais en revenant \u00e0 son corps, \u00e0 ses sensations, \u00e0 son souffle, ce que l&rsquo;on rencontre est souvent tr\u00e8s \u00e9tonnant. On peut y lier connaissance avec son propre pouvoir, avec la sorci\u00e8re qui est en chacun de nous.<\/span><\/p>\t\t\t\t\t\t<\/div>\n\t\t\t\t<\/div>\n\t\t\t\t\t<\/div>\n\t\t<\/div>\n\t\t\t\t\t\t\t<\/div>\n\t\t<\/section>\n\t\t\t\t<section class=\"elementor-section elementor-top-section elementor-element elementor-element-bc33c92 elementor-section-boxed elementor-section-height-default elementor-section-height-default\" data-id=\"bc33c92\" data-element_type=\"section\">\n\t\t\t\t\t\t<div class=\"elementor-container elementor-column-gap-default\">\n\t\t\t\t\t<div class=\"elementor-column elementor-col-100 elementor-top-column elementor-element elementor-element-678ceae\" data-id=\"678ceae\" data-element_type=\"column\">\n\t\t\t<div class=\"elementor-widget-wrap elementor-element-populated\">\n\t\t\t\t\t\t\t\t<div class=\"elementor-element elementor-element-3c7c643 elementor-widget elementor-widget-spacer\" data-id=\"3c7c643\" data-element_type=\"widget\" data-widget_type=\"spacer.default\">\n\t\t\t\t<div class=\"elementor-widget-container\">\n\t\t\t\t\t<div class=\"elementor-spacer\">\n\t\t\t<div class=\"elementor-spacer-inner\"><\/div>\n\t\t<\/div>\n\t\t\t\t<\/div>\n\t\t\t\t<\/div>\n\t\t\t\t\t<\/div>\n\t\t<\/div>\n\t\t\t\t\t\t\t<\/div>\n\t\t<\/section>\n\t\t\t\t<section class=\"elementor-section elementor-top-section elementor-element elementor-element-6837dbd elementor-section-boxed elementor-section-height-default elementor-section-height-default\" data-id=\"6837dbd\" data-element_type=\"section\">\n\t\t\t\t\t\t<div class=\"elementor-container elementor-column-gap-default\">\n\t\t\t\t\t<div class=\"elementor-column elementor-col-50 elementor-top-column elementor-element elementor-element-42ffb71\" data-id=\"42ffb71\" data-element_type=\"column\">\n\t\t\t<div class=\"elementor-widget-wrap elementor-element-populated\">\n\t\t\t\t\t\t\t\t<div class=\"elementor-element elementor-element-4a8d5df elementor-widget elementor-widget-text-editor\" data-id=\"4a8d5df\" data-element_type=\"widget\" data-widget_type=\"text-editor.default\">\n\t\t\t\t<div class=\"elementor-widget-container\">\n\t\t\t\t\t\t\t\t<h3><strong>Formation professionnelle<\/strong><\/h3><p>Amandine a suivi une formation de 300 heures \u00e0 l&rsquo;<a href=\"https:\/\/sivanandaorleans.org\/fr\/\" target=\"_blank\" rel=\"noopener\"><span style=\"color: #406672;\">Ashram Sivananda d&rsquo;Orl\u00e9ans<\/span><\/a>. Elle y a obtenu un dipl\u00f4me reconnu internationalement par\u00a0<a href=\"https:\/\/www.yogaalliance.org\/Credentialing\/Credentials_for_Teachers\" target=\"_blank\" rel=\"noopener\"><span style=\"color: #406672;\">Yoga Alliance USA<\/span><\/a>\u00a0qui atteste de ses connaissances et de sa comp\u00e9tence \u00e0 enseigner les asanas, le pranayama et la relaxation.<\/p><p>Cette formation a consist\u00e9 en une immersion profonde dans la pratique du yoga et dans l\u2019apprentissage de tous les aspects d&rsquo;un style de vie yogique. Elle a fourni \u00e0 Amandine des bases solides pour comprendre la philosophie du yoga et <i>comment appliquer<\/i> ces connaissances \u00e0 l&rsquo;art d&rsquo;enseigner le yoga.<\/p><p>Son exp\u00e9rience l&rsquo;a pr\u00e9par\u00e9e \u00e0 donner, en toute confiance, des cours de yoga enthousiastes et dynamiques et \u00e0 encourager ses \u00e9l\u00e8ves \u00e0 vivre leur vie avec conscience et vitalit\u00e9.<\/p><h3><strong>Formation personnelle<\/strong><\/h3><p>Au cours de ses ann\u00e9es pass\u00e9es \u00e0 l&rsquo;\u00e9tranger, Amandine a suivi des cours de yoga dans des lieux aussi beaux qu&rsquo;insolites. Elle a pu observer et s&rsquo;inspirer de multiples fa\u00e7ons d&rsquo;enseigner le yoga et de transmettre les valeurs inh\u00e9rentes \u00e0 celui-ci.<\/p><p>Que ce soit dans une chapelle sur la c\u00f4te australienne, dans un studio faisant face \u00e0 la Cordill\u00e8re des Andes \u00e0 Ushua\u00efa, dans un centre de yoga en plein c\u0153ur de Li\u00e8ge, sur une sc\u00e8ne ambulante en Nouvelle-Z\u00e9lande, elle a \u00e9t\u00e9 touch\u00e9e par ces professeurs, tous si diff\u00e9rents, par les lieux bien s\u00fbr mais aussi par les \u00e9l\u00e8ves qui cr\u00e9aient cette \u00e9nergie de groupe tellement pr\u00e9cieuse \u00e0 l&rsquo;apprentissage.<\/p>\t\t\t\t\t\t<\/div>\n\t\t\t\t<\/div>\n\t\t\t\t\t<\/div>\n\t\t<\/div>\n\t\t\t\t<div class=\"elementor-column elementor-col-50 elementor-top-column elementor-element elementor-element-eea6a7e\" data-id=\"eea6a7e\" data-element_type=\"column\">\n\t\t\t<div class=\"elementor-widget-wrap elementor-element-populated\">\n\t\t\t\t\t\t\t\t<div class=\"elementor-element elementor-element-ef322e7 elementor-widget elementor-widget-image\" data-id=\"ef322e7\" data-element_type=\"widget\" data-widget_type=\"image.default\">\n\t\t\t\t<div class=\"elementor-widget-container\">\n\t\t\t\t\t\t\t\t\t\t\t\t\t\t\t<img width=\"768\" height=\"1024\" src=\"https:\/\/babayogabretagne.fr\/wp-content\/uploads\/2021\/04\/1042__2f-768x1024.jpg\" class=\"attachment-large size-large\" alt=\"\" loading=\"lazy\" srcset=\"https:\/\/babayogabretagne.fr\/wp-content\/uploads\/2021\/04\/1042__2f-768x1024.jpg 768w, https:\/\/babayogabretagne.fr\/wp-content\/uploads\/2021\/04\/1042__2f-225x300.jpg 225w, https:\/\/babayogabretagne.fr\/wp-content\/uploads\/2021\/04\/1042__2f-1152x1536.jpg 1152w, https:\/\/babayogabretagne.fr\/wp-content\/uploads\/2021\/04\/1042__2f-1536x2048.jpg 1536w, https:\/\/babayogabretagne.fr\/wp-content\/uploads\/2021\/04\/1042__2f-830x1107.jpg 830w, https:\/\/babayogabretagne.fr\/wp-content\/uploads\/2021\/04\/1042__2f-230x307.jpg 230w, https:\/\/babayogabretagne.fr\/wp-content\/uploads\/2021\/04\/1042__2f-350x467.jpg 350w, https:\/\/babayogabretagne.fr\/wp-content\/uploads\/2021\/04\/1042__2f-480x640.jpg 480w, https:\/\/babayogabretagne.fr\/wp-content\/uploads\/2021\/04\/1042__2f-scaled.jpg 1920w\" sizes=\"(max-width: 768px) 100vw, 768px\" \/>\t\t\t\t\t\t\t\t\t\t\t\t\t\t\t<\/div>\n\t\t\t\t<\/div>\n\t\t\t\t\t<\/div>\n\t\t<\/div>\n\t\t\t\t\t\t\t<\/div>\n\t\t<\/section>\n\t\t\t\t<section class=\"elementor-section elementor-top-section elementor-element elementor-element-b64e840 elementor-section-boxed elementor-section-height-default elementor-section-height-default\" data-id=\"b64e840\" data-element_type=\"section\">\n\t\t\t\t\t\t<div class=\"elementor-container elementor-column-gap-default\">\n\t\t\t\t\t<div class=\"elementor-column elementor-col-100 elementor-top-column elementor-element elementor-element-238ba8e\" data-id=\"238ba8e\" data-element_type=\"column\">\n\t\t\t<div class=\"elementor-widget-wrap elementor-element-populated\">\n\t\t\t\t\t\t\t\t<div class=\"elementor-element elementor-element-7087b35 elementor-widget elementor-widget-spacer\" data-id=\"7087b35\" data-element_type=\"widget\" data-widget_type=\"spacer.default\">\n\t\t\t\t<div class=\"elementor-widget-container\">\n\t\t\t\t\t<div class=\"elementor-spacer\">\n\t\t\t<div class=\"elementor-spacer-inner\"><\/div>\n\t\t<\/div>\n\t\t\t\t<\/div>\n\t\t\t\t<\/div>\n\t\t\t\t\t<\/div>\n\t\t<\/div>\n\t\t\t\t\t\t\t<\/div>\n\t\t<\/section>\n\t\t\t\t<section class=\"elementor-section elementor-top-section elementor-element elementor-element-f77a75a elementor-section-boxed elementor-section-height-default elementor-section-height-default\" data-id=\"f77a75a\" data-element_type=\"section\">\n\t\t\t\t\t\t<div class=\"elementor-container elementor-column-gap-default\">\n\t\t\t\t\t<div class=\"elementor-column elementor-col-100 elementor-top-column elementor-element elementor-element-f0137ca\" data-id=\"f0137ca\" data-element_type=\"column\">\n\t\t\t<div class=\"elementor-widget-wrap elementor-element-populated\">\n\t\t\t\t\t\t\t\t<div class=\"elementor-element elementor-element-4739742 elementor-widget elementor-widget-text-editor\" data-id=\"4739742\" data-element_type=\"widget\" data-widget_type=\"text-editor.default\">\n\t\t\t\t<div class=\"elementor-widget-container\">\n\t\t\t\t\t\t\t\t<h3><strong>Remerciements<\/strong><\/h3><p>C&rsquo;est gr\u00e2ce \u00e0 sa professeure Johana Linhart qu&rsquo;Amandine en est arriv\u00e9e l\u00e0.\u00a0<\/p><p>Johana est professeure \u00e0 Lorient, au\u00a0<span style=\"color: #406672;\"><a style=\"color: #406672;\" href=\"https:\/\/6emesensyoga.com\/\" target=\"_blank\" rel=\"noopener\">studio 6e Sens Yoga<\/a>\u00a0<\/span>qu&rsquo;elle a cr\u00e9\u00e9 il y a quelques ann\u00e9es. C&rsquo;est aupr\u00e8s d&rsquo;elle qu&rsquo;Amandine a d\u00e9couvert le yoga Vinyasa dont elle est tomb\u00e9e \u00e9perdument amoureuse.\u00a0<\/p><p>C&rsquo;est Johana qui a encourag\u00e9 Amandine \u00e0 passer le cap et \u00e0 se former pour devenir elle-m\u00eame professeure de yoga ; un r\u00eave qu&rsquo;elle nourrissait depuis longtemps mais qu&rsquo;elle n&rsquo;avait pas os\u00e9 concr\u00e9tiser jusqu&rsquo;alors<\/p>\t\t\t\t\t\t<\/div>\n\t\t\t\t<\/div>\n\t\t\t\t\t<\/div>\n\t\t<\/div>\n\t\t\t\t\t\t\t<\/div>\n\t\t<\/section>\n\t\t\t\t\t\t<\/div>\n\t\t\t\t\t<\/div>\n\t\t","protected":false},"excerpt":{"rendered":"<p>BabaYoga ? C&rsquo;est quoi&#8230; ? La Baba Yaga est une sorci\u00e8re issue de la mythologie slave. C&rsquo;est la figure f\u00e9minine surnaturelle la plus fr\u00e9quente des contes russes, bulgares et polonais. Le jeu de mot entre Baba Yaga et yoga a \u00e9t\u00e9 une \u00e9vidence. Rond en bouche, un son \u00e0 savourer comme un bonbon, il porte en lui autant du conte enneig\u00e9 que de l&rsquo;histoire qu&rsquo;on peut soi-m\u00eame raconter avec son corps. Les sorci\u00e8res sont des femmes de pouvoir. Elles communiquent avec les forces de la nature, vivent en dehors des limites \u00e9tablies par les soci\u00e9t\u00e9s, ne suivent qu&rsquo;un seul chemin : le leur. Ce sont par d\u00e9finition des \u00eatres libres, entiers, authentiques. Dans son enseignement du yoga, c&rsquo;est ce que Amandine souhaite transmettre. Une forme d&rsquo;\u00eatre au monde qui repousse les bords de la case qui a \u00e9t\u00e9 con\u00e7ue pour nous. Chaque personne, dans sa relation particuli\u00e8re au yoga, trouve dans sa pratique quelque chose de diff\u00e9rent. Mais en revenant \u00e0 son corps, \u00e0 ses sensations, \u00e0 son souffle, ce que l&rsquo;on rencontre est souvent tr\u00e8s \u00e9tonnant. On peut y lier connaissance avec son propre pouvoir, avec la sorci\u00e8re qui est en chacun de nous. Formation professionnelle Amandine a suivi une formation de 300 heures \u00e0 l&rsquo;Ashram Sivananda d&rsquo;Orl\u00e9ans. Elle y a obtenu un dipl\u00f4me reconnu internationalement par\u00a0Yoga Alliance USA\u00a0qui atteste de ses connaissances et de sa comp\u00e9tence \u00e0 enseigner les asanas, le pranayama et la relaxation. Cette formation a consist\u00e9 en une immersion profonde dans la pratique du yoga et dans l\u2019apprentissage de tous les aspects d&rsquo;un style de vie yogique. Elle a fourni \u00e0 Amandine des bases solides pour comprendre la philosophie du yoga et comment appliquer ces connaissances \u00e0 l&rsquo;art d&rsquo;enseigner le yoga. Son exp\u00e9rience l&rsquo;a pr\u00e9par\u00e9e \u00e0 donner, en toute confiance, des cours de yoga enthousiastes et dynamiques et \u00e0 encourager ses \u00e9l\u00e8ves \u00e0 vivre leur vie avec conscience et vitalit\u00e9. Formation personnelle Au cours de ses ann\u00e9es pass\u00e9es \u00e0 l&rsquo;\u00e9tranger, Amandine a suivi des cours de yoga dans des lieux aussi beaux qu&rsquo;insolites. Elle a pu observer et s&rsquo;inspirer de multiples fa\u00e7ons d&rsquo;enseigner le yoga et de transmettre les valeurs inh\u00e9rentes \u00e0 celui-ci. Que ce soit dans une chapelle sur la c\u00f4te australienne, dans un studio faisant face \u00e0 la Cordill\u00e8re des Andes \u00e0 Ushua\u00efa, dans un centre de yoga en plein c\u0153ur de Li\u00e8ge, sur une sc\u00e8ne ambulante en Nouvelle-Z\u00e9lande, elle a \u00e9t\u00e9 touch\u00e9e par ces professeurs, tous si diff\u00e9rents, par les lieux bien s\u00fbr mais aussi par les \u00e9l\u00e8ves qui cr\u00e9aient cette \u00e9nergie de groupe tellement pr\u00e9cieuse \u00e0 l&rsquo;apprentissage. Remerciements C&rsquo;est gr\u00e2ce \u00e0 sa professeure Johana Linhart qu&rsquo;Amandine en est arriv\u00e9e l\u00e0.\u00a0 Johana est professeure \u00e0 Lorient, au\u00a0studio 6e Sens Yoga\u00a0qu&rsquo;elle a cr\u00e9\u00e9 il y a quelques ann\u00e9es. C&rsquo;est aupr\u00e8s d&rsquo;elle qu&rsquo;Amandine a d\u00e9couvert le yoga Vinyasa dont elle est tomb\u00e9e \u00e9perdument amoureuse.\u00a0 C&rsquo;est Johana qui a encourag\u00e9 Amandine \u00e0 passer le cap et \u00e0 se former pour devenir elle-m\u00eame professeure de yoga ; un r\u00eave qu&rsquo;elle nourrissait depuis longtemps mais qu&rsquo;elle n&rsquo;avait pas os\u00e9 concr\u00e9tiser jusqu&rsquo;alors<\/p>\n","protected":false},"author":1,"featured_media":0,"parent":0,"menu_order":0,"comment_status":"closed","ping_status":"closed","template":"elementor_theme","meta":[],"_links":{"self":[{"href":"https:\/\/babayogabretagne.fr\/index.php?rest_route=\/wp\/v2\/pages\/37"}],"collection":[{"href":"https:\/\/babayogabretagne.fr\/index.php?rest_route=\/wp\/v2\/pages"}],"about":[{"href":"https:\/\/babayogabretagne.fr\/index.php?rest_route=\/wp\/v2\/types\/page"}],"author":[{"embeddable":true,"href":"https:\/\/babayogabretagne.fr\/index.php?rest_route=\/wp\/v2\/users\/1"}],"replies":[{"embeddable":true,"href":"https:\/\/babayogabretagne.fr\/index.php?rest_route=%2Fwp%2Fv2%2Fcomments&post=37"}],"version-history":[{"count":123,"href":"https:\/\/babayogabretagne.fr\/index.php?rest_route=\/wp\/v2\/pages\/37\/revisions"}],"predecessor-version":[{"id":942,"href":"https:\/\/babayogabretagne.fr\/index.php?rest_route=\/wp\/v2\/pages\/37\/revisions\/942"}],"wp:attachment":[{"href":"https:\/\/babayogabretagne.fr\/index.php?rest_route=%2Fwp%2Fv2%2Fmedia&parent=37"}],"curies":[{"name":"wp","href":"https:\/\/api.w.org\/{rel}","templated":true}]}}