{"id":35,"date":"2021-04-20T22:52:45","date_gmt":"2021-04-20T20:52:45","guid":{"rendered":"http:\/\/babayogabretagne.fr\/?page_id=35"},"modified":"2024-05-19T16:27:57","modified_gmt":"2024-05-19T14:27:57","slug":"pratiquer","status":"publish","type":"page","link":"https:\/\/babayogabretagne.fr\/?page_id=35","title":{"rendered":"Pratiquer"},"content":{"rendered":"\t\t<div data-elementor-type=\"wp-page\" data-elementor-id=\"35\" class=\"elementor elementor-35\" data-elementor-settings=\"[]\">\n\t\t\t\t\t\t\t<div class=\"elementor-section-wrap\">\n\t\t\t\t\t\t\t<section class=\"elementor-section elementor-top-section elementor-element elementor-element-773d7f0 elementor-section-boxed elementor-section-height-default elementor-section-height-default\" data-id=\"773d7f0\" data-element_type=\"section\">\n\t\t\t\t\t\t<div class=\"elementor-container elementor-column-gap-default\">\n\t\t\t\t\t\t\t\t<\/div>\n\t\t<\/section>\n\t\t\t\t<section class=\"elementor-section elementor-top-section elementor-element elementor-element-e8c999b elementor-section-boxed elementor-section-height-default elementor-section-height-default\" data-id=\"e8c999b\" data-element_type=\"section\">\n\t\t\t\t\t\t<div class=\"elementor-container elementor-column-gap-default\">\n\t\t\t\t\t<div class=\"elementor-column elementor-col-100 elementor-top-column elementor-element elementor-element-8502ce9\" data-id=\"8502ce9\" data-element_type=\"column\">\n\t\t\t<div class=\"elementor-widget-wrap elementor-element-populated\">\n\t\t\t\t\t\t\t\t<div class=\"elementor-element elementor-element-b46541e elementor-widget elementor-widget-spacer\" data-id=\"b46541e\" data-element_type=\"widget\" data-widget_type=\"spacer.default\">\n\t\t\t\t<div class=\"elementor-widget-container\">\n\t\t\t\t\t<div class=\"elementor-spacer\">\n\t\t\t<div class=\"elementor-spacer-inner\"><\/div>\n\t\t<\/div>\n\t\t\t\t<\/div>\n\t\t\t\t<\/div>\n\t\t\t\t\t<\/div>\n\t\t<\/div>\n\t\t\t\t\t\t\t<\/div>\n\t\t<\/section>\n\t\t\t\t<section class=\"elementor-section elementor-top-section elementor-element elementor-element-d7ea883 elementor-section-boxed elementor-section-height-default elementor-section-height-default\" data-id=\"d7ea883\" data-element_type=\"section\">\n\t\t\t\t\t\t<div class=\"elementor-container elementor-column-gap-default\">\n\t\t\t\t\t<div class=\"elementor-column elementor-col-33 elementor-top-column elementor-element elementor-element-8076aa1\" data-id=\"8076aa1\" data-element_type=\"column\">\n\t\t\t<div class=\"elementor-widget-wrap elementor-element-populated\">\n\t\t\t\t\t\t\t\t<div class=\"elementor-element elementor-element-760e6f2 elementor-widget elementor-widget-text-editor\" data-id=\"760e6f2\" data-element_type=\"widget\" data-widget_type=\"text-editor.default\">\n\t\t\t\t<div class=\"elementor-widget-container\">\n\t\t\t\t\t\t\t\t<h3 style=\"text-align: center;\"><strong>PONT-L&rsquo;ABBE<\/strong><\/h3><h3 style=\"text-align: center;\"><strong>STUDIO<\/strong><\/h3><p>\u00a0<\/p><p style=\"text-align: center;\"><strong>LUNDI<\/strong><\/p><p style=\"text-align: center;\">10h30-11h45<\/p><p style=\"text-align: center;\">\u00a0<\/p>\t\t\t\t\t\t<\/div>\n\t\t\t\t<\/div>\n\t\t\t\t\t<\/div>\n\t\t<\/div>\n\t\t\t\t<div class=\"elementor-column elementor-col-33 elementor-top-column elementor-element elementor-element-3e4976d\" data-id=\"3e4976d\" data-element_type=\"column\">\n\t\t\t<div class=\"elementor-widget-wrap elementor-element-populated\">\n\t\t\t\t\t\t\t\t<div class=\"elementor-element elementor-element-f7f180b elementor-widget elementor-widget-text-editor\" data-id=\"f7f180b\" data-element_type=\"widget\" data-widget_type=\"text-editor.default\">\n\t\t\t\t<div class=\"elementor-widget-container\">\n\t\t\t\t\t\t\t\t<h3 style=\"text-align: center;\"><strong>PLONEOUR LANVERN YOURTE<\/strong><\/h3><p>\u00a0<\/p><p style=\"text-align: center;\"><strong>LUNDI<\/strong><\/p><p style=\"text-align: center;\">18h30-19h45<\/p><p style=\"text-align: center;\">20h-21h15<\/p><p>\u00a0<\/p><p style=\"text-align: center;\"><strong>MERCREDI<\/strong><\/p><p style=\"text-align: center;\">18h30-19h45<\/p><p style=\"text-align: center;\">20h-21h15<\/p>\t\t\t\t\t\t<\/div>\n\t\t\t\t<\/div>\n\t\t\t\t\t<\/div>\n\t\t<\/div>\n\t\t\t\t<div class=\"elementor-column elementor-col-33 elementor-top-column elementor-element elementor-element-da9832c\" data-id=\"da9832c\" data-element_type=\"column\">\n\t\t\t<div class=\"elementor-widget-wrap elementor-element-populated\">\n\t\t\t\t\t\t\t\t<div class=\"elementor-element elementor-element-3f9c997 elementor-widget elementor-widget-text-editor\" data-id=\"3f9c997\" data-element_type=\"widget\" data-widget_type=\"text-editor.default\">\n\t\t\t\t<div class=\"elementor-widget-container\">\n\t\t\t\t\t\t\t\t<h3 style=\"text-align: center;\"><strong>TARIFS<\/strong><\/h3><p>\u00a0<\/p><p style=\"text-align: center;\"><strong>Cours collectif<\/strong><\/p><p style=\"text-align: center;\">144\u20ac\/trimestre*<\/p><p style=\"text-align: center;\"><strong>Cours d\u2019essai<\/strong><\/p><p style=\"text-align: center;\">Offert<\/p><p style=\"text-align: center;\"><strong>Cours visiteur<\/strong><\/p><p style=\"text-align: center;\">14\u20ac<\/p><p style=\"text-align: center;\"><strong>Cours particulier<\/strong><\/p><p style=\"text-align: center;\">65\u20ac<\/p><p style=\"text-align: center;\">\u00a0<\/p>\t\t\t\t\t\t<\/div>\n\t\t\t\t<\/div>\n\t\t\t\t\t<\/div>\n\t\t<\/div>\n\t\t\t\t\t\t\t<\/div>\n\t\t<\/section>\n\t\t\t\t<section class=\"elementor-section elementor-top-section elementor-element elementor-element-2d43cd7 elementor-section-boxed elementor-section-height-default elementor-section-height-default\" data-id=\"2d43cd7\" data-element_type=\"section\">\n\t\t\t\t\t\t<div class=\"elementor-container elementor-column-gap-default\">\n\t\t\t\t\t<div class=\"elementor-column elementor-col-100 elementor-top-column elementor-element elementor-element-b02ad16\" data-id=\"b02ad16\" data-element_type=\"column\">\n\t\t\t<div class=\"elementor-widget-wrap elementor-element-populated\">\n\t\t\t\t\t\t\t\t<div class=\"elementor-element elementor-element-4aa15fa elementor-widget elementor-widget-spacer\" data-id=\"4aa15fa\" data-element_type=\"widget\" data-widget_type=\"spacer.default\">\n\t\t\t\t<div class=\"elementor-widget-container\">\n\t\t\t\t\t<div class=\"elementor-spacer\">\n\t\t\t<div class=\"elementor-spacer-inner\"><\/div>\n\t\t<\/div>\n\t\t\t\t<\/div>\n\t\t\t\t<\/div>\n\t\t\t\t\t<\/div>\n\t\t<\/div>\n\t\t\t\t\t\t\t<\/div>\n\t\t<\/section>\n\t\t\t\t<section class=\"elementor-section elementor-top-section elementor-element elementor-element-4017d70 elementor-section-boxed elementor-section-height-default elementor-section-height-default\" data-id=\"4017d70\" data-element_type=\"section\">\n\t\t\t\t\t\t<div class=\"elementor-container elementor-column-gap-default\">\n\t\t\t\t\t<div class=\"elementor-column elementor-col-100 elementor-top-column elementor-element elementor-element-9c07af8\" data-id=\"9c07af8\" data-element_type=\"column\">\n\t\t\t<div class=\"elementor-widget-wrap elementor-element-populated\">\n\t\t\t\t\t\t\t\t<div class=\"elementor-element elementor-element-a49b99d elementor-widget elementor-widget-text-editor\" data-id=\"a49b99d\" data-element_type=\"widget\" data-widget_type=\"text-editor.default\">\n\t\t\t\t<div class=\"elementor-widget-container\">\n\t\t\t\t\t\t\t\t<p>*C&rsquo;est-\u00e0-dire 12\u20ac\/cours. L\u2019inscription se fait \u00e0 l\u2019ann\u00e9e, r\u00e9glable en 3 fois.<\/p><p>Il est tout \u00e0 fait possible d\u2019arriver en cours d\u2019ann\u00e9e selon les places disponibles.<\/p>\t\t\t\t\t\t<\/div>\n\t\t\t\t<\/div>\n\t\t\t\t\t<\/div>\n\t\t<\/div>\n\t\t\t\t\t\t\t<\/div>\n\t\t<\/section>\n\t\t\t\t\t\t<\/div>\n\t\t\t\t\t<\/div>\n\t\t","protected":false},"excerpt":{"rendered":"<p>PONT-L&rsquo;ABBE STUDIO \u00a0 LUNDI 10h30-11h45 \u00a0 PLONEOUR LANVERN YOURTE \u00a0 LUNDI 18h30-19h45 20h-21h15 \u00a0 MERCREDI 18h30-19h45 20h-21h15 TARIFS \u00a0 Cours collectif 144\u20ac\/trimestre* Cours d\u2019essai Offert Cours visiteur 14\u20ac Cours particulier 65\u20ac \u00a0 *C&rsquo;est-\u00e0-dire 12\u20ac\/cours. L\u2019inscription se fait \u00e0 l\u2019ann\u00e9e, r\u00e9glable en 3 fois. Il est tout \u00e0 fait possible d\u2019arriver en cours d\u2019ann\u00e9e selon les places disponibles.<\/p>\n","protected":false},"author":1,"featured_media":0,"parent":0,"menu_order":0,"comment_status":"closed","ping_status":"closed","template":"","meta":[],"_links":{"self":[{"href":"https:\/\/babayogabretagne.fr\/index.php?rest_route=\/wp\/v2\/pages\/35"}],"collection":[{"href":"https:\/\/babayogabretagne.fr\/index.php?rest_route=\/wp\/v2\/pages"}],"about":[{"href":"https:\/\/babayogabretagne.fr\/index.php?rest_route=\/wp\/v2\/types\/page"}],"author":[{"embeddable":true,"href":"https:\/\/babayogabretagne.fr\/index.php?rest_route=\/wp\/v2\/users\/1"}],"replies":[{"embeddable":true,"href":"https:\/\/babayogabretagne.fr\/index.php?rest_route=%2Fwp%2Fv2%2Fcomments&post=35"}],"version-history":[{"count":132,"href":"https:\/\/babayogabretagne.fr\/index.php?rest_route=\/wp\/v2\/pages\/35\/revisions"}],"predecessor-version":[{"id":1384,"href":"https:\/\/babayogabretagne.fr\/index.php?rest_route=\/wp\/v2\/pages\/35\/revisions\/1384"}],"wp:attachment":[{"href":"https:\/\/babayogabretagne.fr\/index.php?rest_route=%2Fwp%2Fv2%2Fmedia&parent=35"}],"curies":[{"name":"wp","href":"https:\/\/api.w.org\/{rel}","templated":true}]}}